{"id":1025,"date":"2012-09-22T15:08:39","date_gmt":"2012-09-22T15:08:39","guid":{"rendered":"http:\/\/yaritheme.com\/vintage\/?page_id=1025"},"modified":"2012-09-22T15:08:39","modified_gmt":"2012-09-22T15:08:39","slug":"images-videos","status":"publish","type":"page","link":"https:\/\/whiteandwilson.com\/index.php\/typography-and-elements\/images-videos\/","title":{"rendered":"Images &#038; Videos"},"content":{"rendered":"<h4 class=\"page-heading\">Image Styles<\/h4>\n<div class=\"heading-width-line\"><\/div>\n<p>Displaying images and thumbnails of different sizes in the content.<\/p>\n<p><a href=\"http:\/\/localhost\/hana\/koch\/files\/2012\/07\/4794.jpg\"><br \/>\n<\/a><img loading=\"lazy\" class=\"alignleft img-frame\" src=\"http:\/\/localhost\/hana\/meari\/files\/2012\/07\/4794-150x150.jpg\" alt=\"\" width=\"150\" height=\"150\" \/>Los Juegos Ol\u00edmpicos en 30 de Londres, Inglaterra, es el d\u00eda 27 en el Estadio Ol\u00edmpico se estaba abriendo.<\/p>\n<p>Los dignatarios del Reino Unido y otros pa\u00edses, el Comit\u00e9 Ol\u00edmpico Internacional y los miembros del Comit\u00e9, junto con una multitud de miles de la ceremonia de inauguraci\u00f3n cont\u00f3 con la presencia gakgyecheung.<br \/>\nDe los ocho asientos del estadio Ol\u00edmpico lleno de espectadores se ha hecho.<br \/>\nEl programa se inici\u00f3 en la campana de apertura.<br \/>\nEl show termin\u00f3, la bandera brit\u00e1nica fue izada.<br \/>\nDe los 204 pa\u00edses y regiones despu\u00e9s de 10.500 personas fueron jugadores de posici\u00f3n en el terreno de juego.<br \/>\nNuestro pa\u00eds, y los atletas ol\u00edmpicos entraron en el estadio agitando dos explosi\u00f3n intestinal ramhongsaekgonghwagukgireul levant\u00f3 los aplausos apasionados.<br \/>\n<img loading=\"lazy\" class=\"alignright img-frame\" src=\"http:\/\/localhost\/hana\/meari\/files\/2012\/07\/4794-300x200.jpg\" alt=\"\" width=\"300\" height=\"200\" \/><br \/>\nOl\u00edmpicos de Londres del Comit\u00e9 Organizador, del Comit\u00e9 Ol\u00edmpico Internacional, el Presidente hizo estas declaraciones en la ceremonia de apertura.<br \/>\nYoungguknyeowang Isabel II Cap\u00edtulo 30 se declar\u00f3 la apertura de los Juegos Ol\u00edmpicos de coches Juegos.<br \/>\nLa excentricidad se iza dos Juegos Ol\u00edmpicos se celebraron juramento.<\/p>\n<p>&nbsp;<\/p>\n<p>&nbsp;<\/p>\n<h4 class=\"page-heading\">Lightbox image<\/h4>\n<div class=\"heading-width-line\"><\/div>\n<div><a class=\"lightbox-image\" title=\"\" href=\"http:\/\/localhost\/hana\/meari\/files\/2012\/07\/48341.jpg\" rel=\"lightbox\"><img class=\"img-frame \" src=\"http:\/\/localhost\/hana\/meari\/files\/2012\/07\/48341-300x200.jpg\" alt=\"\" \/><\/a><\/div>\n<p>&nbsp;<\/p>\n<h4 class=\"page-heading\">Image with caption<\/h4>\n<div class=\"heading-width-line\"><\/div>\n<p>Just set the Caption field of your image to contain the text to be displayed.<\/p>\n<div id=\"attachment_643\" style=\"width: 310px\" class=\"wp-caption alignnone\"><img aria-describedby=\"caption-attachment-643\" loading=\"lazy\" class=\"size-medium wp-image-643 \" src=\"http:\/\/localhost\/hana\/meari\/files\/2012\/07\/4856-300x200.jpg\" alt=\"\" width=\"300\" height=\"200\" \/><p id=\"caption-attachment-643\" class=\"wp-caption-text\">This is caption text.<\/p><\/div>\n<p>&nbsp;<\/p>\n<h4 class=\"page-heading\">YouTube Video<\/h4>\n<div class=\"heading-width-line\"><\/div>\n<p>With the build in video buttons it is quick and easy to embed a YouTube video in the content.<\/p>\n<p>&nbsp;<\/p>\n<h4 class=\"page-heading\">Vimeo Video<\/h4>\n<div class=\"heading-width-line\"><\/div>\n","protected":false},"excerpt":{"rendered":"<p>Image Styles Displaying images and thumbnails of different sizes in the content. Los Juegos Ol\u00edmpicos en 30 de Londres, Inglaterra, es el d\u00eda 27 en el Estadio Ol\u00edmpico se estaba abriendo. Los dignatarios del Reino Unido y otros pa\u00edses, el Comit\u00e9 Ol\u00edmpico Internacional y los miembros del Comit\u00e9, junto con una multitud de miles de [&hellip;]<\/p>\n","protected":false},"author":5,"featured_media":0,"parent":1018,"menu_order":0,"comment_status":"open","ping_status":"closed","template":"","meta":[],"_links":{"self":[{"href":"https:\/\/whiteandwilson.com\/index.php\/wp-json\/wp\/v2\/pages\/1025"}],"collection":[{"href":"https:\/\/whiteandwilson.com\/index.php\/wp-json\/wp\/v2\/pages"}],"about":[{"href":"https:\/\/whiteandwilson.com\/index.php\/wp-json\/wp\/v2\/types\/page"}],"author":[{"embeddable":true,"href":"https:\/\/whiteandwilson.com\/index.php\/wp-json\/wp\/v2\/users\/5"}],"replies":[{"embeddable":true,"href":"https:\/\/whiteandwilson.com\/index.php\/wp-json\/wp\/v2\/comments?post=1025"}],"version-history":[{"count":0,"href":"https:\/\/whiteandwilson.com\/index.php\/wp-json\/wp\/v2\/pages\/1025\/revisions"}],"up":[{"embeddable":true,"href":"https:\/\/whiteandwilson.com\/index.php\/wp-json\/wp\/v2\/pages\/1018"}],"wp:attachment":[{"href":"https:\/\/whiteandwilson.com\/index.php\/wp-json\/wp\/v2\/media?parent=1025"}],"curies":[{"name":"wp","href":"https:\/\/api.w.org\/{rel}","templated":true}]}}